{"id":2177,"date":"2022-09-08T15:39:53","date_gmt":"2022-09-08T15:39:53","guid":{"rendered":"https:\/\/xococ.si\/?post_type=product&#038;p=2177"},"modified":"2024-10-03T10:15:51","modified_gmt":"2024-10-03T10:15:51","slug":"pralina-z-bucnim-oljem","status":"publish","type":"product","link":"https:\/\/xococ.si\/en\/product\/pralina-z-bucnim-oljem\/","title":{"rendered":"Pumpkin seed oil"},"content":{"rendered":"","protected":false},"excerpt":{"rendered":"<p><span style=\"font-weight: 400;\">White chocolate, cream, pumpkin oil, invert sugar, bourbon vanilla<\/span><\/p>","protected":false},"featured_media":2178,"comment_status":"open","ping_status":"closed","template":"","meta":{"site-sidebar-layout":"default","site-content-layout":"default","ast-global-header-display":"","ast-main-header-display":"","ast-hfb-above-header-display":"","ast-hfb-below-header-display":"","ast-hfb-mobile-header-display":"","site-post-title":"","ast-breadcrumbs-content":"","ast-featured-img":"","footer-sml-layout":"","theme-transparent-header-meta":"default","adv-header-id-meta":"","stick-header-meta":"","header-above-stick-meta":"","header-main-stick-meta":"","header-below-stick-meta":""},"product_cat":[24],"product_tag":[],"class_list":["post-2177","product","type-product","status-publish","has-post-thumbnail","hentry","product_cat-vsi-izdelki"],"jetpack-related-posts":[{"id":2183,"url":"https:\/\/xococ.si\/en\/product\/pralina-s-pistacijo-in-hrenom\/","url_meta":{"origin":2177,"position":0},"title":"Pistacija z hrenom","date":"September 8, 2022","format":false,"excerpt":"Bela \u010dokolada, smetana, pasta pistacije, invertni sladkor, hren, burbonska vanilija","rel":"","context":"Similar post","img":{"alt_text":"","src":"https:\/\/i0.wp.com\/xococ.si\/wp-content\/uploads\/2022\/09\/11.png?fit=560%2C560&ssl=1&resize=350%2C200","width":350,"height":200},"classes":[]},{"id":2174,"url":"https:\/\/xococ.si\/en\/product\/pralina-s-pistacijo-in-olivnim-oljem\/","url_meta":{"origin":2177,"position":1},"title":"Pistacija z olivnim oljem","date":"September 8, 2022","format":false,"excerpt":"Bela \u010dokolada, smetana, pasta pistacije, olivno olje, invertni sladkor","rel":"","context":"Similar post","img":{"alt_text":"","src":"https:\/\/i0.wp.com\/xococ.si\/wp-content\/uploads\/2022\/09\/8.png?fit=560%2C560&ssl=1&resize=350%2C200","width":350,"height":200},"classes":[]},{"id":2162,"url":"https:\/\/xococ.si\/en\/product\/pralina-z-bergamotko\/","url_meta":{"origin":2177,"position":2},"title":"Pralina z bergamotko","date":"September 8, 2022","format":false,"excerpt":"Bela \u010dokolada, sok bergamotke, dekstroza, invertni sladkor, glukozni sirup","rel":"","context":"Similar post","img":{"alt_text":"","src":"https:\/\/i0.wp.com\/xococ.si\/wp-content\/uploads\/2022\/09\/4.png?fit=560%2C560&ssl=1&resize=350%2C200","width":350,"height":200},"classes":[]},{"id":2155,"url":"https:\/\/xococ.si\/en\/product\/pralina-z-makom-in-borovnico\/","url_meta":{"origin":2177,"position":3},"title":"Mak z borovnico","date":"September 8, 2022","format":false,"excerpt":"Ruby \u010dokolada, sok borovnice, smetana, liofilizirana borovnica, mak, sladkor","rel":"","context":"Similar post","img":{"alt_text":"","src":"https:\/\/i0.wp.com\/xococ.si\/wp-content\/uploads\/2022\/09\/2.png?fit=560%2C560&ssl=1&resize=350%2C200","width":350,"height":200},"classes":[]},{"id":2147,"url":"https:\/\/xococ.si\/en\/product\/pralina-z-rdeco-peso-in-malino\/","url_meta":{"origin":2177,"position":4},"title":"Rde\u010da pesa z malino","date":"September 8, 2022","format":false,"excerpt":"Ruby \u010dokolada, sladkor, sok rde\u010de pese, smetana, liofilizirana malina","rel":"","context":"Similar post","img":{"alt_text":"","src":"https:\/\/i0.wp.com\/xococ.si\/wp-content\/uploads\/2022\/09\/1.png?fit=560%2C560&ssl=1&resize=350%2C200","width":350,"height":200},"classes":[]},{"id":2168,"url":"https:\/\/xococ.si\/en\/product\/prelina-z-dimljeno-soljo-arasidi-in-karamelo\/","url_meta":{"origin":2177,"position":5},"title":"Dimljena sol, ara\u0161id in karamela","date":"September 8, 2022","format":false,"excerpt":"Sladkor, smetana, ara\u0161idi, maslo, dimljena sol","rel":"","context":"Similar post","img":{"alt_text":"","src":"https:\/\/i0.wp.com\/xococ.si\/wp-content\/uploads\/2022\/09\/6.png?fit=840%2C840&ssl=1&resize=350%2C200","width":350,"height":200},"classes":[]}],"_links":{"self":[{"href":"https:\/\/xococ.si\/en\/wp-json\/wp\/v2\/product\/2177","targetHints":{"allow":["GET"]}}],"collection":[{"href":"https:\/\/xococ.si\/en\/wp-json\/wp\/v2\/product"}],"about":[{"href":"https:\/\/xococ.si\/en\/wp-json\/wp\/v2\/types\/product"}],"replies":[{"embeddable":true,"href":"https:\/\/xococ.si\/en\/wp-json\/wp\/v2\/comments?post=2177"}],"wp:featuredmedia":[{"embeddable":true,"href":"https:\/\/xococ.si\/en\/wp-json\/wp\/v2\/media\/2178"}],"wp:attachment":[{"href":"https:\/\/xococ.si\/en\/wp-json\/wp\/v2\/media?parent=2177"}],"wp:term":[{"taxonomy":"product_cat","embeddable":true,"href":"https:\/\/xococ.si\/en\/wp-json\/wp\/v2\/product_cat?post=2177"},{"taxonomy":"product_tag","embeddable":true,"href":"https:\/\/xococ.si\/en\/wp-json\/wp\/v2\/product_tag?post=2177"}],"curies":[{"name":"wp","href":"https:\/\/api.w.org\/{rel}","templated":true}]}}