{"id":2159,"date":"2022-09-08T15:31:50","date_gmt":"2022-09-08T15:31:50","guid":{"rendered":"https:\/\/xococ.si\/?post_type=product&#038;p=2159"},"modified":"2024-10-03T10:15:52","modified_gmt":"2024-10-03T10:15:52","slug":"pralina-z-mandlji-in-cebulo","status":"publish","type":"product","link":"https:\/\/xococ.si\/en\/product\/pralina-z-mandlji-in-cebulo\/","title":{"rendered":"Almonds and onions"},"content":{"rendered":"","protected":false},"excerpt":{"rendered":"<p><span style=\"font-weight: 400;\">Almond praline paste, cocoa butter, milk chocolate, corn flakes, onion<\/span><\/p>","protected":false},"featured_media":2160,"comment_status":"open","ping_status":"closed","template":"","meta":{"site-sidebar-layout":"default","site-content-layout":"default","ast-global-header-display":"","ast-main-header-display":"","ast-hfb-above-header-display":"","ast-hfb-below-header-display":"","ast-hfb-mobile-header-display":"","site-post-title":"","ast-breadcrumbs-content":"","ast-featured-img":"","footer-sml-layout":"","theme-transparent-header-meta":"default","adv-header-id-meta":"","stick-header-meta":"","header-above-stick-meta":"","header-main-stick-meta":"","header-below-stick-meta":""},"product_cat":[24],"product_tag":[],"class_list":["post-2159","product","type-product","status-publish","has-post-thumbnail","hentry","product_cat-vsi-izdelki"],"jetpack-related-posts":[{"id":2186,"url":"https:\/\/xococ.si\/en\/product\/pralina-z-lesniki-in-ocvirki\/","url_meta":{"origin":2159,"position":0},"title":"Le\u0161nik z ocvirki","date":"September 8, 2022","format":false,"excerpt":"Le\u0161nikova praline pasta, pasta iz le\u0161nikov, kakavovo maslo, mle\u010dna \u010dokolada, ocvirki","rel":"","context":"Similar post","img":{"alt_text":"","src":"https:\/\/i0.wp.com\/xococ.si\/wp-content\/uploads\/2022\/09\/12.png?fit=560%2C560&ssl=1&resize=350%2C200","width":350,"height":200},"classes":[]},{"id":2183,"url":"https:\/\/xococ.si\/en\/product\/pralina-s-pistacijo-in-hrenom\/","url_meta":{"origin":2159,"position":1},"title":"Pistacija z hrenom","date":"September 8, 2022","format":false,"excerpt":"Bela \u010dokolada, smetana, pasta pistacije, invertni sladkor, hren, burbonska vanilija","rel":"","context":"Similar post","img":{"alt_text":"","src":"https:\/\/i0.wp.com\/xococ.si\/wp-content\/uploads\/2022\/09\/11.png?fit=560%2C560&ssl=1&resize=350%2C200","width":350,"height":200},"classes":[]},{"id":2174,"url":"https:\/\/xococ.si\/en\/product\/pralina-s-pistacijo-in-olivnim-oljem\/","url_meta":{"origin":2159,"position":2},"title":"Pistacija z olivnim oljem","date":"September 8, 2022","format":false,"excerpt":"Bela \u010dokolada, smetana, pasta pistacije, olivno olje, invertni sladkor","rel":"","context":"Similar post","img":{"alt_text":"","src":"https:\/\/i0.wp.com\/xococ.si\/wp-content\/uploads\/2022\/09\/8.png?fit=560%2C560&ssl=1&resize=350%2C200","width":350,"height":200},"classes":[]},{"id":2180,"url":"https:\/\/xococ.si\/en\/product\/pralina-z-rakitovcem\/","url_meta":{"origin":2159,"position":3},"title":"Rakitovec","date":"September 8, 2022","format":false,"excerpt":"Ruby \u010dokolada, sladkor, sok rakitovca, liofiliziran rakitovec","rel":"","context":"Similar post","img":{"alt_text":"","src":"https:\/\/i0.wp.com\/xococ.si\/wp-content\/uploads\/2022\/09\/10.png?fit=560%2C560&ssl=1&resize=350%2C200","width":350,"height":200},"classes":[]},{"id":2162,"url":"https:\/\/xococ.si\/en\/product\/pralina-z-bergamotko\/","url_meta":{"origin":2159,"position":4},"title":"Pralina z bergamotko","date":"September 8, 2022","format":false,"excerpt":"Bela \u010dokolada, sok bergamotke, dekstroza, invertni sladkor, glukozni sirup","rel":"","context":"Similar post","img":{"alt_text":"","src":"https:\/\/i0.wp.com\/xococ.si\/wp-content\/uploads\/2022\/09\/4.png?fit=560%2C560&ssl=1&resize=350%2C200","width":350,"height":200},"classes":[]},{"id":2171,"url":"https:\/\/xococ.si\/en\/product\/pralina-s-crnim-ribezom\/","url_meta":{"origin":2159,"position":5},"title":"\u010crni ribez","date":"September 8, 2022","format":false,"excerpt":"Ruby \u010dokolada, sladkor, sok \u010drnega ribeza, liofiliziran \u010drni ribez","rel":"","context":"Similar post","img":{"alt_text":"","src":"https:\/\/i0.wp.com\/xococ.si\/wp-content\/uploads\/2022\/09\/7.png?fit=560%2C560&ssl=1&resize=350%2C200","width":350,"height":200},"classes":[]}],"_links":{"self":[{"href":"https:\/\/xococ.si\/en\/wp-json\/wp\/v2\/product\/2159","targetHints":{"allow":["GET"]}}],"collection":[{"href":"https:\/\/xococ.si\/en\/wp-json\/wp\/v2\/product"}],"about":[{"href":"https:\/\/xococ.si\/en\/wp-json\/wp\/v2\/types\/product"}],"replies":[{"embeddable":true,"href":"https:\/\/xococ.si\/en\/wp-json\/wp\/v2\/comments?post=2159"}],"wp:featuredmedia":[{"embeddable":true,"href":"https:\/\/xococ.si\/en\/wp-json\/wp\/v2\/media\/2160"}],"wp:attachment":[{"href":"https:\/\/xococ.si\/en\/wp-json\/wp\/v2\/media?parent=2159"}],"wp:term":[{"taxonomy":"product_cat","embeddable":true,"href":"https:\/\/xococ.si\/en\/wp-json\/wp\/v2\/product_cat?post=2159"},{"taxonomy":"product_tag","embeddable":true,"href":"https:\/\/xococ.si\/en\/wp-json\/wp\/v2\/product_tag?post=2159"}],"curies":[{"name":"wp","href":"https:\/\/api.w.org\/{rel}","templated":true}]}}