{"id":2147,"date":"2022-09-08T15:10:21","date_gmt":"2022-09-08T15:10:21","guid":{"rendered":"https:\/\/xococ.si\/?post_type=product&#038;p=2147"},"modified":"2024-10-03T10:15:52","modified_gmt":"2024-10-03T10:15:52","slug":"pralina-z-rdeco-peso-in-malino","status":"publish","type":"product","link":"https:\/\/xococ.si\/en\/product\/pralina-z-rdeco-peso-in-malino\/","title":{"rendered":"Beetroot with raspberry"},"content":{"rendered":"","protected":false},"excerpt":{"rendered":"<p><span style=\"font-weight: 400;\">Ruby chocolate, sugar, beetroot juice, cream, freeze-dried raspberry<\/span><\/p>","protected":false},"featured_media":2148,"comment_status":"open","ping_status":"closed","template":"","meta":{"site-sidebar-layout":"default","site-content-layout":"default","ast-global-header-display":"","ast-main-header-display":"","ast-hfb-above-header-display":"","ast-hfb-below-header-display":"","ast-hfb-mobile-header-display":"","site-post-title":"","ast-breadcrumbs-content":"","ast-featured-img":"","footer-sml-layout":"","theme-transparent-header-meta":"default","adv-header-id-meta":"","stick-header-meta":"","header-above-stick-meta":"","header-main-stick-meta":"","header-below-stick-meta":""},"product_cat":[24],"product_tag":[],"class_list":["post-2147","product","type-product","status-publish","has-post-thumbnail","hentry","product_cat-vsi-izdelki"],"jetpack-related-posts":[{"id":2155,"url":"https:\/\/xococ.si\/en\/product\/pralina-z-makom-in-borovnico\/","url_meta":{"origin":2147,"position":0},"title":"Mak z borovnico","date":"September 8, 2022","format":false,"excerpt":"Ruby \u010dokolada, sok borovnice, smetana, liofilizirana borovnica, mak, sladkor","rel":"","context":"Similar post","img":{"alt_text":"","src":"https:\/\/i0.wp.com\/xococ.si\/wp-content\/uploads\/2022\/09\/2.png?fit=560%2C560&ssl=1&resize=350%2C200","width":350,"height":200},"classes":[]},{"id":2180,"url":"https:\/\/xococ.si\/en\/product\/pralina-z-rakitovcem\/","url_meta":{"origin":2147,"position":1},"title":"Rakitovec","date":"September 8, 2022","format":false,"excerpt":"Ruby \u010dokolada, sladkor, sok rakitovca, liofiliziran rakitovec","rel":"","context":"Similar post","img":{"alt_text":"","src":"https:\/\/i0.wp.com\/xococ.si\/wp-content\/uploads\/2022\/09\/10.png?fit=560%2C560&ssl=1&resize=350%2C200","width":350,"height":200},"classes":[]},{"id":2177,"url":"https:\/\/xococ.si\/en\/product\/pralina-z-bucnim-oljem\/","url_meta":{"origin":2147,"position":2},"title":"Bu\u010dno olje","date":"September 8, 2022","format":false,"excerpt":"Bela \u010dokolada, smetana, bu\u010dno olje, invertni sladkor, burbonska vanilija","rel":"","context":"Similar post","img":{"alt_text":"","src":"https:\/\/i0.wp.com\/xococ.si\/wp-content\/uploads\/2022\/09\/9.png?fit=560%2C560&ssl=1&resize=350%2C200","width":350,"height":200},"classes":[]},{"id":2183,"url":"https:\/\/xococ.si\/en\/product\/pralina-s-pistacijo-in-hrenom\/","url_meta":{"origin":2147,"position":3},"title":"Pistacija z hrenom","date":"September 8, 2022","format":false,"excerpt":"Bela \u010dokolada, smetana, pasta pistacije, invertni sladkor, hren, burbonska vanilija","rel":"","context":"Similar post","img":{"alt_text":"","src":"https:\/\/i0.wp.com\/xococ.si\/wp-content\/uploads\/2022\/09\/11.png?fit=560%2C560&ssl=1&resize=350%2C200","width":350,"height":200},"classes":[]},{"id":2174,"url":"https:\/\/xococ.si\/en\/product\/pralina-s-pistacijo-in-olivnim-oljem\/","url_meta":{"origin":2147,"position":4},"title":"Pistacija z olivnim oljem","date":"September 8, 2022","format":false,"excerpt":"Bela \u010dokolada, smetana, pasta pistacije, olivno olje, invertni sladkor","rel":"","context":"Similar post","img":{"alt_text":"","src":"https:\/\/i0.wp.com\/xococ.si\/wp-content\/uploads\/2022\/09\/8.png?fit=560%2C560&ssl=1&resize=350%2C200","width":350,"height":200},"classes":[]},{"id":2171,"url":"https:\/\/xococ.si\/en\/product\/pralina-s-crnim-ribezom\/","url_meta":{"origin":2147,"position":5},"title":"\u010crni ribez","date":"September 8, 2022","format":false,"excerpt":"Ruby \u010dokolada, sladkor, sok \u010drnega ribeza, liofiliziran \u010drni ribez","rel":"","context":"Similar post","img":{"alt_text":"","src":"https:\/\/i0.wp.com\/xococ.si\/wp-content\/uploads\/2022\/09\/7.png?fit=560%2C560&ssl=1&resize=350%2C200","width":350,"height":200},"classes":[]}],"_links":{"self":[{"href":"https:\/\/xococ.si\/en\/wp-json\/wp\/v2\/product\/2147","targetHints":{"allow":["GET"]}}],"collection":[{"href":"https:\/\/xococ.si\/en\/wp-json\/wp\/v2\/product"}],"about":[{"href":"https:\/\/xococ.si\/en\/wp-json\/wp\/v2\/types\/product"}],"replies":[{"embeddable":true,"href":"https:\/\/xococ.si\/en\/wp-json\/wp\/v2\/comments?post=2147"}],"wp:featuredmedia":[{"embeddable":true,"href":"https:\/\/xococ.si\/en\/wp-json\/wp\/v2\/media\/2148"}],"wp:attachment":[{"href":"https:\/\/xococ.si\/en\/wp-json\/wp\/v2\/media?parent=2147"}],"wp:term":[{"taxonomy":"product_cat","embeddable":true,"href":"https:\/\/xococ.si\/en\/wp-json\/wp\/v2\/product_cat?post=2147"},{"taxonomy":"product_tag","embeddable":true,"href":"https:\/\/xococ.si\/en\/wp-json\/wp\/v2\/product_tag?post=2147"}],"curies":[{"name":"wp","href":"https:\/\/api.w.org\/{rel}","templated":true}]}}